{"id":12,"date":"2014-11-02T12:16:38","date_gmt":"2014-11-02T10:16:38","guid":{"rendered":"http:\/\/www.lounasherkku.fi\/?page_id=12"},"modified":"2026-02-28T15:10:48","modified_gmt":"2026-02-28T13:10:48","slug":"yhteystiedot","status":"publish","type":"page","link":"http:\/\/www.lounasherkku.fi\/?page_id=12","title":{"rendered":"Yhteystiedot"},"content":{"rendered":"<p>Lounaskahvila HerkkuHetki<br \/>\nViitav\u00e4yl\u00e4 11<br \/>\n62375 Ylih\u00e4rm\u00e4<\/p>\n<p>HerkkuHetki puh. 040-042 0074\/Hanna<br \/>\ns\u00e4hk\u00f6posti: info@lounasherkku.fi<\/p>\n<p>Tervetuloa H\u00e4rm\u00e4n Sep\u00e4n liikekeskukseen maittavalle lounaalle!<br \/>\nMyymme p\u00e4iv\u00e4n lounasannoksia my\u00f6s kotiin viet\u00e4viksi k\u00e4teviss\u00e4 lounasrasioissa.<\/p>\n<p>Lounasajan ulkopuolella palvelemme kahvilana\u00a0klo 7.30 alkaen. Vitriinist\u00e4 l\u00f6ytyy pieni m\u00e4\u00e4r\u00e4 makeaa ja suolaista kahvin kaveriksi.<br \/>\nAjanpuutteen vuoksi emme valitettavasti tee pitopalvelua.<\/p>\n<p>&nbsp;<\/p>\n","protected":false},"excerpt":{"rendered":"<p>Lounaskahvila HerkkuHetki Viitav\u00e4yl\u00e4 11 62375 Ylih\u00e4rm\u00e4 HerkkuHetki puh. 040-042 0074\/Hanna s\u00e4hk\u00f6posti: info@lounasherkku.fi Tervetuloa H\u00e4rm\u00e4n Sep\u00e4n liikekeskukseen maittavalle lounaalle! Myymme p\u00e4iv\u00e4n lounasannoksia my\u00f6s kotiin viet\u00e4viksi k\u00e4teviss\u00e4 lounasrasioissa. Lounasajan ulkopuolella palvelemme kahvilana\u00a0klo 7.30 alkaen. Vitriinist\u00e4 l\u00f6ytyy pieni m\u00e4\u00e4r\u00e4 makeaa ja suolaista kahvin kaveriksi. Ajanpuutteen vuoksi emme valitettavasti tee pitopalvelua. &nbsp;<\/p>\n","protected":false},"author":1,"featured_media":0,"parent":0,"menu_order":0,"comment_status":"closed","ping_status":"closed","template":"","meta":{"footnotes":""},"class_list":["entry","page","publish","author-hanna","post-12"],"_links":{"self":[{"href":"http:\/\/www.lounasherkku.fi\/index.php?rest_route=\/wp\/v2\/pages\/12","targetHints":{"allow":["GET"]}}],"collection":[{"href":"http:\/\/www.lounasherkku.fi\/index.php?rest_route=\/wp\/v2\/pages"}],"about":[{"href":"http:\/\/www.lounasherkku.fi\/index.php?rest_route=\/wp\/v2\/types\/page"}],"author":[{"embeddable":true,"href":"http:\/\/www.lounasherkku.fi\/index.php?rest_route=\/wp\/v2\/users\/1"}],"replies":[{"embeddable":true,"href":"http:\/\/www.lounasherkku.fi\/index.php?rest_route=%2Fwp%2Fv2%2Fcomments&post=12"}],"version-history":[{"count":15,"href":"http:\/\/www.lounasherkku.fi\/index.php?rest_route=\/wp\/v2\/pages\/12\/revisions"}],"predecessor-version":[{"id":1629,"href":"http:\/\/www.lounasherkku.fi\/index.php?rest_route=\/wp\/v2\/pages\/12\/revisions\/1629"}],"wp:attachment":[{"href":"http:\/\/www.lounasherkku.fi\/index.php?rest_route=%2Fwp%2Fv2%2Fmedia&parent=12"}],"curies":[{"name":"wp","href":"https:\/\/api.w.org\/{rel}","templated":true}]}}